{"id":93,"date":"2023-05-22T14:50:49","date_gmt":"2023-05-22T12:50:49","guid":{"rendered":"https:\/\/websites.fraunhofer.de\/miccai-clip\/?page_id=93"},"modified":"2023-07-27T10:48:51","modified_gmt":"2023-07-27T08:48:51","slug":"contact","status":"publish","type":"page","link":"https:\/\/miccai-clip.org\/?page_id=93","title":{"rendered":"Contact"},"content":{"rendered":"\n<div class=\"wp-block-group\"><div class=\"wp-block-group__inner-container is-layout-constrained wp-block-group-is-layout-constrained\">\n<div class=\"wp-block-group\"><div class=\"wp-block-group__inner-container is-layout-constrained wp-block-group-is-layout-constrained\"><div class=\"wp-block-image\">\n<figure class=\"alignleft size-medium is-resized\"><img loading=\"lazy\" decoding=\"async\" src=\"https:\/\/miccai-clip.org\/wp-content\/uploads\/2023\/05\/e-mail-1-300x200.jpg\" alt=\"(C) Pexels - Miguel \u00c1. Padri\u00f1\u00e1n\" class=\"wp-image-98\" width=\"225\" height=\"150\" title=\"(C) Pexels - Miguel \u00c1. Padri\u00f1\u00e1n\" srcset=\"https:\/\/miccai-clip.org\/wp-content\/uploads\/2023\/05\/e-mail-1-300x200.jpg 300w, https:\/\/miccai-clip.org\/wp-content\/uploads\/2023\/05\/e-mail-1-1024x683.jpg 1024w, https:\/\/miccai-clip.org\/wp-content\/uploads\/2023\/05\/e-mail-1-150x100.jpg 150w, https:\/\/miccai-clip.org\/wp-content\/uploads\/2023\/05\/e-mail-1-768x512.jpg 768w, https:\/\/miccai-clip.org\/wp-content\/uploads\/2023\/05\/e-mail-1-1536x1025.jpg 1536w, https:\/\/miccai-clip.org\/wp-content\/uploads\/2023\/05\/e-mail-1-2048x1367.jpg 2048w, https:\/\/miccai-clip.org\/wp-content\/uploads\/2023\/05\/e-mail-1-525x350.jpg 525w\" sizes=\"auto, (max-width: 225px) 100vw, 225px\" \/><\/figure>\n<\/div><\/div><\/div>\n<\/div><\/div>\n\n\n\n<p><\/p>\n\n\n\n<p>Please contact us at <a href=\"mailto:info@miccai-clip.org\">info@miccai-clip.org<\/a>.<\/p>\n","protected":false},"excerpt":{"rendered":"<p>Please contact us at info@miccai-clip.org. <a class=\"continue-reading-link\" href=\"https:\/\/miccai-clip.org\/?page_id=93\">Continue reading<\/a><\/p>\n","protected":false},"author":1,"featured_media":0,"parent":0,"menu_order":0,"comment_status":"closed","ping_status":"closed","template":"","meta":{"footnotes":""},"class_list":["post-93","page","type-page","status-publish","hentry"],"_links":{"self":[{"href":"https:\/\/miccai-clip.org\/index.php?rest_route=\/wp\/v2\/pages\/93","targetHints":{"allow":["GET"]}}],"collection":[{"href":"https:\/\/miccai-clip.org\/index.php?rest_route=\/wp\/v2\/pages"}],"about":[{"href":"https:\/\/miccai-clip.org\/index.php?rest_route=\/wp\/v2\/types\/page"}],"author":[{"embeddable":true,"href":"https:\/\/miccai-clip.org\/index.php?rest_route=\/wp\/v2\/users\/1"}],"replies":[{"embeddable":true,"href":"https:\/\/miccai-clip.org\/index.php?rest_route=%2Fwp%2Fv2%2Fcomments&post=93"}],"version-history":[{"count":14,"href":"https:\/\/miccai-clip.org\/index.php?rest_route=\/wp\/v2\/pages\/93\/revisions"}],"predecessor-version":[{"id":198,"href":"https:\/\/miccai-clip.org\/index.php?rest_route=\/wp\/v2\/pages\/93\/revisions\/198"}],"wp:attachment":[{"href":"https:\/\/miccai-clip.org\/index.php?rest_route=%2Fwp%2Fv2%2Fmedia&parent=93"}],"curies":[{"name":"wp","href":"https:\/\/api.w.org\/{rel}","templated":true}]}}